{"id":18,"date":"2015-04-29T04:36:23","date_gmt":"2015-04-29T04:36:23","guid":{"rendered":"https:\/\/themerain.com\/demo\/charm\/?page_id=18"},"modified":"2020-09-14T08:37:25","modified_gmt":"2020-09-14T06:37:25","slug":"about","status":"publish","type":"page","link":"http:\/\/gasaridesign.cz\/web\/about\/","title":{"rendered":"About"},"content":{"rendered":"\n<div class=\"wp-block-columns is-layout-flex wp-container-3\">\n<div class=\"wp-block-column is-layout-flow\">\n<p>Navrhnu pro v\u00e1s jedine\u010dn\u00e1 a funk\u010dn\u00ed \u0159e\u0161en\u00ed. Nejen samotn\u00e9 logo, ale i tiskoviny a propaga\u010dn\u00ed materi\u00e1ly s n\u00edm spojen\u00e9, jako vizitky, let\u00e1ky, plak\u00e1ty, pozv\u00e1nky, \u010dasopisy a bro\u017eury\u2026 je toho opravdu hodn\u011b. V\u0161echny grafick\u00e9 podklady p\u0159iprav\u00edm k tisku a m\u016f\u017eu zajistit tisk.<\/p>\n<\/div>\n\n\n\n<div class=\"wp-block-column is-layout-flow\">\n<p>Rovn\u011b\u017e se zab\u00fdv\u00e1m potiskem textilu pomoc\u00ed s\u00edtotisku i p\u0159\u00edm\u00e9ho tisku \u2013 jednoduch\u00e9 i n\u00e1ro\u010dn\u00e9 plnobarevn\u00e9 motivy.<\/p>\n<\/div>\n<\/div>\n\n\n\n<figure class=\"wp-block-gallery columns-0 wp-block-gallery-4 is-layout-flex\"><ul class=\"blocks-gallery-grid\"><\/ul><\/figure>\n\n\n\n<p><\/p>\n","protected":false},"excerpt":{"rendered":"<p>Navrhnu pro v\u00e1s jedine\u010dn\u00e1 a funk\u010dn\u00ed \u0159e\u0161en\u00ed. Nejen samotn\u00e9 logo, ale i tiskoviny a propaga\u010dn\u00ed materi\u00e1ly s n\u00edm spojen\u00e9, jako vizitky, let\u00e1ky, plak\u00e1ty, pozv\u00e1nky, \u010dasopisy a bro\u017eury\u2026 je toho opravdu hodn\u011b. V\u0161echny grafick\u00e9 podklady p\u0159iprav\u00edm k tisku a m\u016f\u017eu zajistit tisk. Rovn\u011b\u017e se zab\u00fdv\u00e1m potiskem textilu pomoc\u00ed s\u00edtotisku i p\u0159\u00edm\u00e9ho tisku \u2013 jednoduch\u00e9 i n\u00e1ro\u010dn\u00e9&#8230;<\/p>\n","protected":false},"author":1,"featured_media":0,"parent":0,"menu_order":0,"comment_status":"closed","ping_status":"closed","template":"template-full-width.php","meta":[],"_links":{"self":[{"href":"http:\/\/gasaridesign.cz\/web\/wp-json\/wp\/v2\/pages\/18"}],"collection":[{"href":"http:\/\/gasaridesign.cz\/web\/wp-json\/wp\/v2\/pages"}],"about":[{"href":"http:\/\/gasaridesign.cz\/web\/wp-json\/wp\/v2\/types\/page"}],"author":[{"embeddable":true,"href":"http:\/\/gasaridesign.cz\/web\/wp-json\/wp\/v2\/users\/1"}],"replies":[{"embeddable":true,"href":"http:\/\/gasaridesign.cz\/web\/wp-json\/wp\/v2\/comments?post=18"}],"version-history":[{"count":4,"href":"http:\/\/gasaridesign.cz\/web\/wp-json\/wp\/v2\/pages\/18\/revisions"}],"predecessor-version":[{"id":629,"href":"http:\/\/gasaridesign.cz\/web\/wp-json\/wp\/v2\/pages\/18\/revisions\/629"}],"wp:attachment":[{"href":"http:\/\/gasaridesign.cz\/web\/wp-json\/wp\/v2\/media?parent=18"}],"curies":[{"name":"wp","href":"https:\/\/api.w.org\/{rel}","templated":true}]}}