{"id":501,"date":"2015-04-29T04:33:56","date_gmt":"2015-04-29T04:33:56","guid":{"rendered":"https:\/\/themerain.com\/demo\/charm\/?page_id=7"},"modified":"2020-09-14T08:36:18","modified_gmt":"2020-09-14T06:36:18","slug":"contact","status":"publish","type":"page","link":"http:\/\/gasaridesign.cz\/web\/contact\/","title":{"rendered":"Get In Touch"},"content":{"rendered":"\n<p>Zaujala v\u00e1s m\u00e1 pr\u00e1ce? Nev\u00e1hejte m\u011b kontaktovat pomoc\u00ed formul\u00e1\u0159e.<\/p>\n\n\n\n<div style=\"height:20px\" aria-hidden=\"true\" class=\"wp-block-spacer\"><\/div>\n\n\n\n\n<div class=\"wpcf7 no-js\" id=\"wpcf7-f447-o1\" lang=\"en-US\" dir=\"ltr\">\n<div class=\"screen-reader-response\"><p role=\"status\" aria-live=\"polite\" aria-atomic=\"true\"><\/p> <ul><\/ul><\/div>\n<form action=\"\/web\/wp-json\/wp\/v2\/pages\/501#wpcf7-f447-o1\" method=\"post\" class=\"wpcf7-form init\" aria-label=\"Contact form\" novalidate=\"novalidate\" data-status=\"init\">\n<div style=\"display: none;\">\n<input type=\"hidden\" name=\"_wpcf7\" value=\"447\" \/>\n<input type=\"hidden\" name=\"_wpcf7_version\" value=\"5.8\" \/>\n<input type=\"hidden\" name=\"_wpcf7_locale\" value=\"en_US\" \/>\n<input type=\"hidden\" name=\"_wpcf7_unit_tag\" value=\"wpcf7-f447-o1\" \/>\n<input type=\"hidden\" name=\"_wpcf7_container_post\" value=\"0\" \/>\n<input type=\"hidden\" name=\"_wpcf7_posted_data_hash\" value=\"\" \/>\n<\/div>\n<p class=\"contact-name\"><label>Jm\u00e9no *<\/label><span class=\"wpcf7-form-control-wrap\" data-name=\"your-name\"><input size=\"40\" class=\"wpcf7-form-control wpcf7-text wpcf7-validates-as-required\" aria-required=\"true\" aria-invalid=\"false\" value=\"\" type=\"text\" name=\"your-name\" \/><\/span>\n<\/p>\n<p class=\"contact-email\"><label>E-mail *<\/label><span class=\"wpcf7-form-control-wrap\" data-name=\"your-email\"><input size=\"40\" class=\"wpcf7-form-control wpcf7-email wpcf7-validates-as-required wpcf7-text wpcf7-validates-as-email\" aria-required=\"true\" aria-invalid=\"false\" value=\"\" type=\"email\" name=\"your-email\" \/><\/span>\n<\/p>\n<p class=\"contact-subject\"><label>P\u0159edm\u011bt<\/label><span class=\"wpcf7-form-control-wrap\" data-name=\"your-subject\"><input size=\"40\" class=\"wpcf7-form-control wpcf7-text\" aria-invalid=\"false\" value=\"\" type=\"text\" name=\"your-subject\" \/><\/span>\n<\/p>\n<p class=\"contact-message\"><label>Zpr\u00e1va<\/label><span class=\"wpcf7-form-control-wrap\" data-name=\"your-message\"><textarea cols=\"40\" rows=\"10\" class=\"wpcf7-form-control wpcf7-textarea\" aria-invalid=\"false\" name=\"your-message\"><\/textarea><\/span>\n<\/p>\n<p><input class=\"wpcf7-form-control wpcf7-submit has-spinner\" type=\"submit\" value=\"Odeslat\" \/>\n<\/p><div class=\"wpcf7-response-output\" aria-hidden=\"true\"><\/div>\n<\/form>\n<\/div>\n\n","protected":false},"excerpt":{"rendered":"<p>Zaujala v\u00e1s m\u00e1 pr\u00e1ce? Nev\u00e1hejte m\u011b kontaktovat pomoc\u00ed formul\u00e1\u0159e.<\/p>\n","protected":false},"author":1,"featured_media":0,"parent":0,"menu_order":0,"comment_status":"closed","ping_status":"closed","template":"template-contact.php","meta":[],"_links":{"self":[{"href":"http:\/\/gasaridesign.cz\/web\/wp-json\/wp\/v2\/pages\/501"}],"collection":[{"href":"http:\/\/gasaridesign.cz\/web\/wp-json\/wp\/v2\/pages"}],"about":[{"href":"http:\/\/gasaridesign.cz\/web\/wp-json\/wp\/v2\/types\/page"}],"author":[{"embeddable":true,"href":"http:\/\/gasaridesign.cz\/web\/wp-json\/wp\/v2\/users\/1"}],"replies":[{"embeddable":true,"href":"http:\/\/gasaridesign.cz\/web\/wp-json\/wp\/v2\/comments?post=501"}],"version-history":[{"count":4,"href":"http:\/\/gasaridesign.cz\/web\/wp-json\/wp\/v2\/pages\/501\/revisions"}],"predecessor-version":[{"id":581,"href":"http:\/\/gasaridesign.cz\/web\/wp-json\/wp\/v2\/pages\/501\/revisions\/581"}],"wp:attachment":[{"href":"http:\/\/gasaridesign.cz\/web\/wp-json\/wp\/v2\/media?parent=501"}],"curies":[{"name":"wp","href":"https:\/\/api.w.org\/{rel}","templated":true}]}}